{"id":83,"date":"2014-10-22T11:12:10","date_gmt":"2014-10-22T09:12:10","guid":{"rendered":"http:\/\/epem.info\/?page_id=83"},"modified":"2020-11-12T18:41:30","modified_gmt":"2020-11-12T17:41:30","slug":"liens","status":"publish","type":"page","link":"https:\/\/epem.info\/?page_id=83","title":{"rendered":"Liens"},"content":{"rendered":"<p>Voici quelques sites que nous vous conseillons de visiter :<\/p>\n<p><span style=\"color: #000000;\"><strong>La Bible en ligne ou sur smartphone<\/strong><\/span><br \/>\n<a href=\"https:\/\/www.bible.com\/fr\/\" target=\"_blank\" rel=\"noopener noreferrer\"><strong>https:\/\/www.bible.com\/fr\/<\/strong><br \/>\n<\/a>Pour installer une application gratuite qui permet de lire la Bible sur un smartphone, une tablette ou un ordinateur.<\/p>\n<p style=\"text-align: justify;\"><span style=\"color: #000000;\"><strong>Conna\u00eetre Dieu<\/strong><\/span><br \/>\n<strong><a href=\"http:\/\/www.connaitredieu.info\/\" target=\"_blank\" rel=\"noopener noreferrer\">http:\/\/www.connaitredieu.info\/<\/a><\/strong><br \/>\nEst-il vraiment possible de conna\u00eetre Dieu personnellement ? Ce site propose quelques \u00e9l\u00e9ments de r\u00e9flexion.<\/p>\n<p><strong>\u00c9vangile 21<\/strong><br \/>\n<a href=\"https:\/\/evangile21.thegospelcoalition.org\/\"><strong>https:\/\/evangile21.thegospelcoalition.org\/<\/strong><\/a><br \/>\nCe site nous propose d&rsquo;approfondir notre connaissance et notre compr\u00e9hension de la Bible.<\/p>\n<p style=\"text-align: justify;\"><span style=\"color: #000000;\"><strong>La maison de la Bible<\/strong><\/span><br \/>\n<a href=\"http:\/\/maisonbible.fr\/fr\/\" target=\"_blank\" rel=\"noopener noreferrer\"><strong>http:\/\/maisonbible.fr\/fr\/<\/strong><br \/>\n<\/a>La librairie chr\u00e9tienne en ligne qui vous permettra de trouver les livres, musique et m\u00e9dias que vous recherchez.<\/p>\n<p style=\"text-align: justify;\">\n","protected":false},"excerpt":{"rendered":"<p>Voici quelques sites que nous vous conseillons de visiter : La Bible en ligne ou sur smartphone https:\/\/www.bible.com\/fr\/ Pour installer une application gratuite qui permet de lire la Bible sur un smartphone, une tablette ou un ordinateur. Conna\u00eetre Dieu http:\/\/www.connaitredieu.info\/ Est-il vraiment possible de conna\u00eetre Dieu personnellement ? Ce site propose quelques \u00e9l\u00e9ments de r\u00e9flexion. [&hellip;]<\/p>\n","protected":false},"author":1,"featured_media":0,"parent":0,"menu_order":0,"comment_status":"closed","ping_status":"open","template":"","meta":{"footnotes":""},"class_list":["post-83","page","type-page","status-publish","hentry","post"],"_links":{"self":[{"href":"https:\/\/epem.info\/index.php?rest_route=\/wp\/v2\/pages\/83","targetHints":{"allow":["GET"]}}],"collection":[{"href":"https:\/\/epem.info\/index.php?rest_route=\/wp\/v2\/pages"}],"about":[{"href":"https:\/\/epem.info\/index.php?rest_route=\/wp\/v2\/types\/page"}],"author":[{"embeddable":true,"href":"https:\/\/epem.info\/index.php?rest_route=\/wp\/v2\/users\/1"}],"replies":[{"embeddable":true,"href":"https:\/\/epem.info\/index.php?rest_route=%2Fwp%2Fv2%2Fcomments&post=83"}],"version-history":[{"count":13,"href":"https:\/\/epem.info\/index.php?rest_route=\/wp\/v2\/pages\/83\/revisions"}],"predecessor-version":[{"id":1027,"href":"https:\/\/epem.info\/index.php?rest_route=\/wp\/v2\/pages\/83\/revisions\/1027"}],"wp:attachment":[{"href":"https:\/\/epem.info\/index.php?rest_route=%2Fwp%2Fv2%2Fmedia&parent=83"}],"curies":[{"name":"wp","href":"https:\/\/api.w.org\/{rel}","templated":true}]}}