{"id":75,"date":"2014-10-22T08:50:47","date_gmt":"2014-10-22T08:50:47","guid":{"rendered":"http:\/\/epem.info\/?page_id=75"},"modified":"2014-10-24T13:21:58","modified_gmt":"2014-10-24T11:21:58","slug":"plan-dacces","status":"publish","type":"page","link":"https:\/\/epem.info\/?page_id=75","title":{"rendered":"Plan d&rsquo;acc\u00e8s"},"content":{"rendered":"<div class=\"Style71\" align=\"center\">\n<p style=\"padding-left: 30px;\" align=\"justify\">&#8211; Chercher l&rsquo;avenue de Paradis Saint Roch<br \/>\n&#8211; Prendre l&rsquo;all\u00e9e Edgar Degas<br \/>\n&#8211; Aller au bout de cette all\u00e9e, jusqu&rsquo;au parking, Place Henri Dunant<br \/>\n&#8211; Se garer (dans la mesure du possible)<br \/>\n&#8211; Au fond du parking \u00e0 droite, prendre le couloir qui conduit au centre commercial<br \/>\n&#8211; L&rsquo;\u00e9glise se trouve \u00e0 droite au bout de ce couloir,\u00a0\u00e0 c\u00f4t\u00e9 de la Croix Rouge.<\/p>\n<p class=\"Style71\" align=\"justify\"><div id=\"lmm_ad9ff681\" style=\"width:100%;\" class=\"mapsmarker markermap marker-1\">\n<div id=\"lmm_panel_ad9ff681\" class=\"lmm-panel\" style=\"background:#efefef;\">\n<div id=\"lmm_panel_api_ad9ff681\" class=\"lmm-panel-api\"><a href=\"https:\/\/maps.google.com\/maps?daddr=Place+Henri+Dunant%2C+Martigues%2C+France&amp;t=m&amp;layer=1&amp;doflg=ptk&amp;om=0\" target=\"_blank\" title=\"Obtenir l&#039;itin\u00e9raire\"><img loading=\"lazy\" decoding=\"async\" alt=\"icon-car.png\" src=\"https:\/\/epem.info\/wp-content\/plugins\/leaflet-maps-marker\/inc\/img\/icon-car.png\" width=\"14\" height=\"14\" class=\"lmm-panel-api-images\" \/><\/a><\/div><div id=\"lmm_panel_text_ad9ff681\" class=\"lmm-panel-text\" style=\"font-weight:bold;color:#373737;\">Eglise Protestante Evang\u00e9lique Martigues<\/div><\/div>\n<div id=\"lmm_map_ad9ff681\" class=\"lmm-map\" style=\"background:#f6f6f6;border:1px solid #ccc;height:420px; overflow:hidden;padding:0;\"><p style=\"font-size:80%;color:#9f9e9e;margin-left:5px;\">chargement de la carte - veuillez patienter...<noscript><br\/><strong>La carte ne peut \u00eatre charg\u00e9e - s'il vous pla\u00eet activer Javascript !<\/strong><br\/><a style=\"text-decoration:none;\" href=\"https:\/\/www.mapsmarker.com\/js-disabled\" target=\"_blank\">&rarr; plus dginformations<\/a><\/noscript><\/p><\/div>\n<div id=\"lmm_geo_tags_ad9ff681\" class=\"lmm-geo-tags geo\">\n<span class=\"paneltext\">Eglise Protestante Evang\u00e9lique Martigues<\/span>\n<span class=\"latitude\">43.407967<\/span>, <span class=\"longitude\">5.040053<\/span>\n<span class=\"popuptext\"><\/span>\n<\/div>\n<\/div><\/p>\n<\/div>\n","protected":false},"excerpt":{"rendered":"<p>&#8211; Chercher l&rsquo;avenue de Paradis Saint Roch &#8211; Prendre l&rsquo;all\u00e9e Edgar Degas &#8211; Aller au bout de cette all\u00e9e, jusqu&rsquo;au parking, Place Henri Dunant &#8211; Se garer (dans la mesure du possible) &#8211; Au fond du parking \u00e0 droite, prendre le couloir qui conduit au centre commercial &#8211; L&rsquo;\u00e9glise se trouve \u00e0 droite au bout [&hellip;]<\/p>\n","protected":false},"author":1,"featured_media":0,"parent":0,"menu_order":0,"comment_status":"closed","ping_status":"open","template":"","meta":{"footnotes":""},"class_list":["post-75","page","type-page","status-publish","hentry","post"],"_links":{"self":[{"href":"https:\/\/epem.info\/index.php?rest_route=\/wp\/v2\/pages\/75","targetHints":{"allow":["GET"]}}],"collection":[{"href":"https:\/\/epem.info\/index.php?rest_route=\/wp\/v2\/pages"}],"about":[{"href":"https:\/\/epem.info\/index.php?rest_route=\/wp\/v2\/types\/page"}],"author":[{"embeddable":true,"href":"https:\/\/epem.info\/index.php?rest_route=\/wp\/v2\/users\/1"}],"replies":[{"embeddable":true,"href":"https:\/\/epem.info\/index.php?rest_route=%2Fwp%2Fv2%2Fcomments&post=75"}],"version-history":[{"count":6,"href":"https:\/\/epem.info\/index.php?rest_route=\/wp\/v2\/pages\/75\/revisions"}],"predecessor-version":[{"id":251,"href":"https:\/\/epem.info\/index.php?rest_route=\/wp\/v2\/pages\/75\/revisions\/251"}],"wp:attachment":[{"href":"https:\/\/epem.info\/index.php?rest_route=%2Fwp%2Fv2%2Fmedia&parent=75"}],"curies":[{"name":"wp","href":"https:\/\/api.w.org\/{rel}","templated":true}]}}