{"id":72,"date":"2014-10-22T08:42:28","date_gmt":"2014-10-22T08:42:28","guid":{"rendered":"http:\/\/epem.info\/?page_id=72"},"modified":"2021-11-03T21:59:26","modified_gmt":"2021-11-03T20:59:26","slug":"reunions-et-activites","status":"publish","type":"page","link":"https:\/\/epem.info\/?page_id=72","title":{"rendered":"R\u00e9unions"},"content":{"rendered":"<p><span style=\"color: #ff0000;\"><strong>Cultes<br \/>\n<\/strong><\/span>Chaque dimanche \u00e0 10h00 en pr\u00e9sentiel.<br \/>\nLes r\u00e8gles sanitaires en vigueur sont respect\u00e9es. Les participants sont invit\u00e9s \u00e0 se pr\u00e9senter avec un masque et \u00e0 utiliser le gel hydroalcoolique disponible \u00e0 l&rsquo;entr\u00e9e des locaux.<\/p>\n<p><span style=\"color: #ff0000;\"><strong>R\u00e9unions de pri\u00e8re \/ \u00c9tudes bibliques<\/strong><\/span><br \/>\nChaque mercredi \u00e0 20h15 en distanciel. Tout le monde peut y participer gratuitement sur simple demande en disposant d&rsquo;un mat\u00e9riel connect\u00e9.<\/p>\n<p>D&rsquo;autres possibilit\u00e9s sont \u00e9galement propos\u00e9es pour d\u00e9couvrir la Bible.<br \/>\nVous pouvez vous adresser au Pasteur de l&rsquo;\u00e9glise pour conna\u00eetre les parcours propos\u00e9s.<\/p>\n<p><strong><a href=\"http:\/\/epem.info\/wp-content\/uploads\/2014\/10\/Temps-1.jpg\" rel=\"attachment wp-att-305\"><img loading=\"lazy\" decoding=\"async\" class=\"size-full wp-image-305 aligncenter\" src=\"http:\/\/epem.info\/wp-content\/uploads\/2014\/10\/Temps-1.jpg\" alt=\"Temps\" width=\"491\" height=\"369\" srcset=\"https:\/\/epem.info\/wp-content\/uploads\/2014\/10\/Temps-1.jpg 491w, https:\/\/epem.info\/wp-content\/uploads\/2014\/10\/Temps-1-300x225.jpg 300w\" sizes=\"auto, (max-width: 491px) 100vw, 491px\" \/><\/a><\/strong><\/p>\n<p style=\"text-align: justify;\">\n","protected":false},"excerpt":{"rendered":"<p>Cultes Chaque dimanche \u00e0 10h00 en pr\u00e9sentiel. Les r\u00e8gles sanitaires en vigueur sont respect\u00e9es. Les participants sont invit\u00e9s \u00e0 se pr\u00e9senter avec un masque et \u00e0 utiliser le gel hydroalcoolique disponible \u00e0 l&rsquo;entr\u00e9e des locaux. R\u00e9unions de pri\u00e8re \/ \u00c9tudes bibliques Chaque mercredi \u00e0 20h15 en distanciel. Tout le monde peut y participer gratuitement sur [&hellip;]<\/p>\n","protected":false},"author":1,"featured_media":0,"parent":0,"menu_order":0,"comment_status":"closed","ping_status":"open","template":"","meta":{"footnotes":""},"class_list":["post-72","page","type-page","status-publish","hentry","post"],"_links":{"self":[{"href":"https:\/\/epem.info\/index.php?rest_route=\/wp\/v2\/pages\/72","targetHints":{"allow":["GET"]}}],"collection":[{"href":"https:\/\/epem.info\/index.php?rest_route=\/wp\/v2\/pages"}],"about":[{"href":"https:\/\/epem.info\/index.php?rest_route=\/wp\/v2\/types\/page"}],"author":[{"embeddable":true,"href":"https:\/\/epem.info\/index.php?rest_route=\/wp\/v2\/users\/1"}],"replies":[{"embeddable":true,"href":"https:\/\/epem.info\/index.php?rest_route=%2Fwp%2Fv2%2Fcomments&post=72"}],"version-history":[{"count":23,"href":"https:\/\/epem.info\/index.php?rest_route=\/wp\/v2\/pages\/72\/revisions"}],"predecessor-version":[{"id":1094,"href":"https:\/\/epem.info\/index.php?rest_route=\/wp\/v2\/pages\/72\/revisions\/1094"}],"wp:attachment":[{"href":"https:\/\/epem.info\/index.php?rest_route=%2Fwp%2Fv2%2Fmedia&parent=72"}],"curies":[{"name":"wp","href":"https:\/\/api.w.org\/{rel}","templated":true}]}}