{"id":70,"date":"2014-10-22T08:37:30","date_gmt":"2014-10-22T08:37:30","guid":{"rendered":"http:\/\/epem.info\/?page_id=70"},"modified":"2020-03-15T14:29:22","modified_gmt":"2020-03-15T13:29:22","slug":"contact","status":"publish","type":"page","link":"https:\/\/epem.info\/?page_id=70","title":{"rendered":"Contact"},"content":{"rendered":"<p>Pour tout renseignement, vous pouvez contacter le Pasteur Jo\u00ebl LEFLAEC :<\/p>\n<p><img loading=\"lazy\" decoding=\"async\" class=\"alignright\" src=\"http:\/\/epem.info\/wp-content\/uploads\/2014\/10\/stylo.jpg\" alt=\"stylo\" width=\"199\" height=\"129\" \/><\/p>\n<p>Par courrier :<br \/>\n<strong>\u00c9glise Protestante \u00c9vang\u00e9lique <\/strong><br \/>\n<strong> Centre Commercial Paradis Saint-Roch\u00a0 13500 MARTIGUES<\/strong><\/p>\n<p><img loading=\"lazy\" decoding=\"async\" class=\"alignright\" src=\"http:\/\/epem.info\/wp-content\/uploads\/2014\/10\/smartphone.jpg\" alt=\"smartphone\" width=\"200\" height=\"129\" \/><\/p>\n<p>Par t\u00e9l\u00e9phone :<br \/>\n<strong>06 70 26 40 71<br \/>\n<\/strong><\/p>\n<p><img loading=\"lazy\" decoding=\"async\" class=\"wp-image-307  alignright\" src=\"http:\/\/epem.info\/wp-content\/uploads\/2014\/10\/clavier.jpg\" alt=\"clavier\" width=\"199\" height=\"129\" \/><\/p>\n<p>Par e-mail :<br \/>\n<a href=\"mailto:pasteur.epem13500@orange.fr\" target=\"_blank\" rel=\"noopener noreferrer\"><img loading=\"lazy\" decoding=\"async\" class=\"alignleft size-full wp-image-337\" src=\"http:\/\/epem.info\/wp-content\/uploads\/2014\/10\/e-mail_epem.jpg\" alt=\"e-mail_epem\" width=\"250\" height=\"20\" \/><\/a><\/p>\n","protected":false},"excerpt":{"rendered":"<p>Pour tout renseignement, vous pouvez contacter le Pasteur Jo\u00ebl LEFLAEC : Par courrier : \u00c9glise Protestante \u00c9vang\u00e9lique Centre Commercial Paradis Saint-Roch\u00a0 13500 MARTIGUES Par t\u00e9l\u00e9phone : 06 70 26 40 71 Par e-mail :<\/p>\n","protected":false},"author":1,"featured_media":0,"parent":0,"menu_order":0,"comment_status":"closed","ping_status":"open","template":"","meta":{"footnotes":""},"class_list":["post-70","page","type-page","status-publish","hentry","post"],"_links":{"self":[{"href":"https:\/\/epem.info\/index.php?rest_route=\/wp\/v2\/pages\/70","targetHints":{"allow":["GET"]}}],"collection":[{"href":"https:\/\/epem.info\/index.php?rest_route=\/wp\/v2\/pages"}],"about":[{"href":"https:\/\/epem.info\/index.php?rest_route=\/wp\/v2\/types\/page"}],"author":[{"embeddable":true,"href":"https:\/\/epem.info\/index.php?rest_route=\/wp\/v2\/users\/1"}],"replies":[{"embeddable":true,"href":"https:\/\/epem.info\/index.php?rest_route=%2Fwp%2Fv2%2Fcomments&post=70"}],"version-history":[{"count":43,"href":"https:\/\/epem.info\/index.php?rest_route=\/wp\/v2\/pages\/70\/revisions"}],"predecessor-version":[{"id":438,"href":"https:\/\/epem.info\/index.php?rest_route=\/wp\/v2\/pages\/70\/revisions\/438"}],"wp:attachment":[{"href":"https:\/\/epem.info\/index.php?rest_route=%2Fwp%2Fv2%2Fmedia&parent=70"}],"curies":[{"name":"wp","href":"https:\/\/api.w.org\/{rel}","templated":true}]}}