{"id":64,"date":"2014-10-22T08:11:53","date_gmt":"2014-10-22T08:11:53","guid":{"rendered":"http:\/\/epem.info\/?page_id=64"},"modified":"2025-09-03T10:39:15","modified_gmt":"2025-09-03T08:39:15","slug":"accueil","status":"publish","type":"page","link":"https:\/\/epem.info\/","title":{"rendered":"Accueil"},"content":{"rendered":"<p><img loading=\"lazy\" decoding=\"async\" src=\"http:\/\/epem.info\/wp-content\/uploads\/2014\/10\/Pont_Martigues.jpg\" alt=\"Pont_Martigues\" width=\"1024\" height=\"348\" \/><\/p>\n<p style=\"text-align: justify;\">De confession Protestante \u00c9vang\u00e9lique, nous sommes attach\u00e9s \u00e0 un certain nombre de principes remis en valeur au 16\u00e8me si\u00e8cle, lors de la R\u00e9forme. C&rsquo;est pourquoi nous proclamons que la Bible est l&rsquo;unique fondement de notre foi et de notre vie chr\u00e9tienne. Selon ce qu&rsquo;elle r\u00e9v\u00e8le, nous croyons que Dieu est Amour et qu&rsquo;il nous invite \u00e0 vivre et \u00e0 partager cet amour. C&rsquo;est ainsi que nous connaissons Dieu et que notre vie trouve son sens.<\/p>\n<hr \/>\n<table style=\"height: 203px;\" width=\"840\" cellspacing=\"0\" cellpadding=\"4\">\n<tbody>\n<tr valign=\"top\">\n<td style=\"text-align: center;\" width=\"33%\"><img loading=\"lazy\" decoding=\"async\" src=\"http:\/\/epem.info\/wp-content\/uploads\/2014\/10\/cnef.png\" alt=\"cnef\" width=\"86\" height=\"92\" \/><\/td>\n<td width=\"33%\"><img loading=\"lazy\" decoding=\"async\" class=\"aligncenter\" src=\"http:\/\/epem.info\/wp-content\/uploads\/2014\/10\/reseau_FEF.jpg\" alt=\"reseau_FEF\" width=\"84\" height=\"88\" \/><\/td>\n<td width=\"33%\"><img loading=\"lazy\" decoding=\"async\" class=\"aligncenter\" src=\"http:\/\/epem.info\/wp-content\/uploads\/2014\/10\/Logo_AECM.jpg\" alt=\"Logo_AECM\" width=\"85\" height=\"90\" \/><\/td>\n<\/tr>\n<tr valign=\"top\">\n<td style=\"text-align: center;\" width=\"33%\">\u00a0Conseil National des \u00c9vang\u00e9liques de France<\/td>\n<td width=\"33%\">\n<p style=\"text-align: center;\">R\u00e9seau Fraternel \u00c9vang\u00e9lique Fran\u00e7ais<\/p>\n<\/td>\n<td style=\"text-align: center;\" width=\"33%\">Alliance des \u00c9glises Chr\u00e9tiennes Missionnaires<\/td>\n<\/tr>\n<\/tbody>\n<\/table>\n\n\n<p><\/p>\n","protected":false},"excerpt":{"rendered":"<p>De confession Protestante \u00c9vang\u00e9lique, nous sommes attach\u00e9s \u00e0 un certain nombre de principes remis en valeur au 16\u00e8me si\u00e8cle, lors de la R\u00e9forme. C&rsquo;est pourquoi nous proclamons que la Bible est l&rsquo;unique fondement de notre foi et de notre vie chr\u00e9tienne. Selon ce qu&rsquo;elle r\u00e9v\u00e8le, nous croyons que Dieu est Amour et qu&rsquo;il nous invite [&hellip;]<\/p>\n","protected":false},"author":1,"featured_media":0,"parent":0,"menu_order":0,"comment_status":"closed","ping_status":"open","template":"","meta":{"footnotes":""},"class_list":["post-64","page","type-page","status-publish","hentry","post"],"_links":{"self":[{"href":"https:\/\/epem.info\/index.php?rest_route=\/wp\/v2\/pages\/64","targetHints":{"allow":["GET"]}}],"collection":[{"href":"https:\/\/epem.info\/index.php?rest_route=\/wp\/v2\/pages"}],"about":[{"href":"https:\/\/epem.info\/index.php?rest_route=\/wp\/v2\/types\/page"}],"author":[{"embeddable":true,"href":"https:\/\/epem.info\/index.php?rest_route=\/wp\/v2\/users\/1"}],"replies":[{"embeddable":true,"href":"https:\/\/epem.info\/index.php?rest_route=%2Fwp%2Fv2%2Fcomments&post=64"}],"version-history":[{"count":30,"href":"https:\/\/epem.info\/index.php?rest_route=\/wp\/v2\/pages\/64\/revisions"}],"predecessor-version":[{"id":1121,"href":"https:\/\/epem.info\/index.php?rest_route=\/wp\/v2\/pages\/64\/revisions\/1121"}],"wp:attachment":[{"href":"https:\/\/epem.info\/index.php?rest_route=%2Fwp%2Fv2%2Fmedia&parent=64"}],"curies":[{"name":"wp","href":"https:\/\/api.w.org\/{rel}","templated":true}]}}