{"id":101,"date":"2014-10-22T11:33:50","date_gmt":"2014-10-22T09:33:50","guid":{"rendered":"http:\/\/epem.info\/?page_id=101"},"modified":"2024-03-04T12:19:10","modified_gmt":"2024-03-04T11:19:10","slug":"temoignages","status":"publish","type":"page","link":"https:\/\/epem.info\/?page_id=101","title":{"rendered":"T\u00e9moignages"},"content":{"rendered":"<p align=\"justify\"><span class=\"Style29 Style62 Style69 Style71\"><a href=\"http:\/\/epem.info\/wp-content\/uploads\/2014\/10\/trouver.jpg\"><img loading=\"lazy\" decoding=\"async\" class=\"wp-image-21 size-full alignleft\" src=\"http:\/\/epem.info\/wp-content\/uploads\/2014\/10\/trouver.jpg\" alt=\"trouver\" width=\"300\" height=\"240\" \/><\/a>Le Christianisme nous invite \u00e0 nous r\u00e9concilier avec notre Cr\u00e9ateur. Cette d\u00e9marche est personnelle. Elle ne d\u00e9coule pas d&rsquo;une religion, mais de l&rsquo;aspiration \u00e0 vivre une nouvelle relation avec Dieu. Elle r\u00e9sulte donc d&rsquo;un parcours personnel. Comme chaque individu est unique, chaque d\u00e9couverte de Dieu sera particuli\u00e8re. <\/span><\/p>\n<p class=\"Style29 Style62 Style69 Style71\" align=\"justify\">Cette page vous pr\u00e9sente quelques histoires parmi tant d&rsquo;autres. Elles sont authentiques et rapport\u00e9e avec les mots de ceux qui les ont v\u00e9cues. Bien entendu, ce ne sont que des survols de tranches de vies. Dans la r\u00e9alit\u00e9, ce cheminement demande du temps.<\/p>\n<p class=\"Style29 Style62 Style69 Style71\" style=\"text-align: left;\" align=\"justify\">Ces histoires sont diff\u00e9rentes, mais elles ont un point commun : la rencontre bouleversante de J\u00e9sus-Christ. A un moment donn\u00e9, chaque personne a fait un choix et pris une d\u00e9cision par rapport \u00e0 l&rsquo;invitation de J\u00e9sus-Christ :<\/p>\n<p class=\"Style29 Style62 Style69 Style71\" style=\"text-align: right;\" align=\"justify\"><span style=\"color: #ff0000;\"><em><span class=\"Style85\">Voici, je me tiens \u00e0 la porte, et je frappe. Si quelqu\u2019un entend ma voix et ouvre la porte,<br \/><\/span><\/em><\/span><span style=\"color: #ff0000;\"><em><span class=\"Style85\">j\u2019entrerai chez lui, je souperai avec lui, et lui avec m<\/span><\/em><\/span><span style=\"color: #ff0000;\"><em><span class=\"Style85\">oi.<\/span><\/em><\/span><\/p>\n<p align=\"justify\"><em><a href=\"http:\/\/epem.info\/?page_id=384\"><img loading=\"lazy\" decoding=\"async\" class=\"wp-image-10 size-full alignnone\" src=\"http:\/\/epem.info\/wp-content\/uploads\/2014\/10\/Dominique.jpg\" alt=\"Dominique\" width=\"90\" height=\"114\" \/><\/a><\/em><a href=\"http:\/\/epem.info\/?page_id=146\"><img loading=\"lazy\" decoding=\"async\" class=\"size-full wp-image-36 alignnone\" src=\"http:\/\/epem.info\/wp-content\/uploads\/2014\/10\/Faty.jpg\" alt=\"\" width=\"90\" height=\"113\" \/><\/a><a href=\"http:\/\/epem.info\/?page_id=138\"><img loading=\"lazy\" decoding=\"async\" class=\"size-full wp-image-14 alignnone\" src=\"http:\/\/epem.info\/wp-content\/uploads\/2014\/10\/Jocelyn.jpg\" alt=\"Jocelyn\" width=\"90\" height=\"114\" \/><\/a><a href=\"http:\/\/epem.info\/?page_id=149\"><img loading=\"lazy\" decoding=\"async\" class=\"size-full wp-image-23 alignnone\" src=\"http:\/\/epem.info\/wp-content\/uploads\/2014\/10\/Yves.jpg\" alt=\"\" width=\"90\" height=\"114\" \/><\/a><\/p>\n\n\n<iframe loading=\"lazy\" title=\"Marc Van De Wouwer..Crois-tu ? est une invitation \u00e0 venir entendre cette semaine  son t\u00e9moignage !\" width=\"720\" height=\"405\" src=\"https:\/\/www.youtube.com\/embed\/iyS_r-XgQlw?feature=oembed\" frameborder=\"0\" allow=\"accelerometer; autoplay; clipboard-write; encrypted-media; gyroscope; picture-in-picture; web-share\" allowfullscreen><\/iframe>\n\n\n\n<p>Le t\u00e9moignage de Marc Van de Wouver sur YouTube<\/p>\n","protected":false},"excerpt":{"rendered":"<p>Le Christianisme nous invite \u00e0 nous r\u00e9concilier avec notre Cr\u00e9ateur. Cette d\u00e9marche est personnelle. Elle ne d\u00e9coule pas d&rsquo;une religion, mais de l&rsquo;aspiration \u00e0 vivre une nouvelle relation avec Dieu. Elle r\u00e9sulte donc d&rsquo;un parcours personnel. Comme chaque individu est unique, chaque d\u00e9couverte de Dieu sera particuli\u00e8re. Cette page vous pr\u00e9sente quelques histoires parmi tant [&hellip;]<\/p>\n","protected":false},"author":1,"featured_media":0,"parent":0,"menu_order":0,"comment_status":"closed","ping_status":"open","template":"","meta":{"footnotes":""},"class_list":["post-101","page","type-page","status-publish","hentry","post"],"_links":{"self":[{"href":"https:\/\/epem.info\/index.php?rest_route=\/wp\/v2\/pages\/101","targetHints":{"allow":["GET"]}}],"collection":[{"href":"https:\/\/epem.info\/index.php?rest_route=\/wp\/v2\/pages"}],"about":[{"href":"https:\/\/epem.info\/index.php?rest_route=\/wp\/v2\/types\/page"}],"author":[{"embeddable":true,"href":"https:\/\/epem.info\/index.php?rest_route=\/wp\/v2\/users\/1"}],"replies":[{"embeddable":true,"href":"https:\/\/epem.info\/index.php?rest_route=%2Fwp%2Fv2%2Fcomments&post=101"}],"version-history":[{"count":44,"href":"https:\/\/epem.info\/index.php?rest_route=\/wp\/v2\/pages\/101\/revisions"}],"predecessor-version":[{"id":1108,"href":"https:\/\/epem.info\/index.php?rest_route=\/wp\/v2\/pages\/101\/revisions\/1108"}],"wp:attachment":[{"href":"https:\/\/epem.info\/index.php?rest_route=%2Fwp%2Fv2%2Fmedia&parent=101"}],"curies":[{"name":"wp","href":"https:\/\/api.w.org\/{rel}","templated":true}]}}